{"id":109,"date":"2020-04-16T07:53:40","date_gmt":"2020-04-16T07:53:40","guid":{"rendered":"https:\/\/demos.kadencewp.com\/food\/?page_id=109"},"modified":"2026-03-26T21:26:35","modified_gmt":"2026-03-26T21:26:35","slug":"uber","status":"publish","type":"page","link":"https:\/\/immerappetitlich.com\/de\/about\/","title":{"rendered":"\u00dcber"},"content":{"rendered":"<style>.kb-row-layout-id109_3c41c5-57 > .kt-row-column-wrap{align-content:center;}:where(.kb-row-layout-id109_3c41c5-57 > .kt-row-column-wrap) > .wp-block-kadence-column{justify-content:center;}.kb-row-layout-id109_3c41c5-57 > .kt-row-column-wrap{column-gap:var(--global-kb-gap-lg, 4rem);row-gap:var(--global-kb-gap-md, 2rem);padding-top:0px;padding-bottom:0px;grid-template-columns:repeat(2, minmax(0, 1fr));}.kb-row-layout-id109_3c41c5-57 > .kt-row-layout-overlay{opacity:0.30;}@media all and (max-width: 1024px){.kb-row-layout-id109_3c41c5-57 > .kt-row-column-wrap{grid-template-columns:repeat(2, minmax(0, 1fr));}}@media all and (max-width: 767px){.kb-row-layout-id109_3c41c5-57 > .kt-row-column-wrap{grid-template-columns:minmax(0, 1fr);}}<\/style><div class=\"kb-row-layout-wrap kb-row-layout-id109_3c41c5-57 alignnone wp-block-kadence-rowlayout\"><div class=\"kt-row-column-wrap kt-has-2-columns kt-row-layout-equal kt-tab-layout-inherit kt-mobile-layout-row kt-row-valign-middle\">\n<style>.kadence-column109_ffed46-f2 > .kt-inside-inner-col,.kadence-column109_ffed46-f2 > .kt-inside-inner-col:before{border-top-left-radius:0px;border-top-right-radius:0px;border-bottom-right-radius:0px;border-bottom-left-radius:0px;}.kadence-column109_ffed46-f2 > .kt-inside-inner-col{column-gap:var(--global-kb-gap-sm, 1rem);}.kadence-column109_ffed46-f2 > .kt-inside-inner-col{flex-direction:column;}.kadence-column109_ffed46-f2 > .kt-inside-inner-col > .aligncenter{width:100%;}.kadence-column109_ffed46-f2 > .kt-inside-inner-col:before{opacity:0.3;}.kadence-column109_ffed46-f2{position:relative;}@media all and (max-width: 1024px){.kadence-column109_ffed46-f2 > .kt-inside-inner-col{flex-direction:column;justify-content:center;}}@media all and (max-width: 767px){.kadence-column109_ffed46-f2 > .kt-inside-inner-col{flex-direction:column;justify-content:center;}}<\/style>\n<div class=\"wp-block-kadence-column kadence-column109_ffed46-f2 inner-column-1\"><div class=\"kt-inside-inner-col\">\n<figure class=\"wp-block-image size-large\"><img loading=\"lazy\" decoding=\"async\" width=\"1024\" height=\"725\" src=\"https:\/\/immerappetitlich.com\/wp-content\/uploads\/2026\/03\/fgg-1024x725.jpg\" alt=\"\" class=\"wp-image-342\" srcset=\"https:\/\/immerappetitlich.com\/wp-content\/uploads\/2026\/03\/fgg-1024x725.jpg 1024w, https:\/\/immerappetitlich.com\/wp-content\/uploads\/2026\/03\/fgg-300x212.jpg 300w, https:\/\/immerappetitlich.com\/wp-content\/uploads\/2026\/03\/fgg-768x543.jpg 768w, https:\/\/immerappetitlich.com\/wp-content\/uploads\/2026\/03\/fgg-1536x1087.jpg 1536w, https:\/\/immerappetitlich.com\/wp-content\/uploads\/2026\/03\/fgg-750x531.jpg 750w, https:\/\/immerappetitlich.com\/wp-content\/uploads\/2026\/03\/fgg.jpg 1679w\" sizes=\"auto, (max-width: 1024px) 100vw, 1024px\" \/><\/figure>\n<\/div><\/div>\n\n\n<style>.kadence-column109_69a715-ed > .kt-inside-inner-col,.kadence-column109_69a715-ed > .kt-inside-inner-col:before{border-top-left-radius:0px;border-top-right-radius:0px;border-bottom-right-radius:0px;border-bottom-left-radius:0px;}.kadence-column109_69a715-ed > .kt-inside-inner-col{column-gap:var(--global-kb-gap-sm, 1rem);}.kadence-column109_69a715-ed > .kt-inside-inner-col{flex-direction:column;}.kadence-column109_69a715-ed > .kt-inside-inner-col > .aligncenter{width:100%;}.kadence-column109_69a715-ed > .kt-inside-inner-col:before{opacity:0.3;}.kadence-column109_69a715-ed{position:relative;}@media all and (max-width: 1024px){.kadence-column109_69a715-ed > .kt-inside-inner-col{flex-direction:column;justify-content:center;}}@media all and (max-width: 767px){.kadence-column109_69a715-ed > .kt-inside-inner-col{flex-direction:column;justify-content:center;}}<\/style>\n<div class=\"wp-block-kadence-column kadence-column109_69a715-ed inner-column-2\"><div class=\"kt-inside-inner-col\">\n<h2 class=\"wp-block-heading\">Hallo! Ich bin Ivan \ud83d\udc4b<\/h2>\n\n\n\n<p>Ich bin begeistert von einfachen, k\u00f6stlichen hausgemachten Rezepten, die jeder zu Hause zubereiten kann. Auf diesem Blog teile ich einfache Desserts, schnelle Rezepte und kreative Ideen, die keine komplizierten Zutaten oder professionellen F\u00e4higkeiten erfordern.<\/p>\n\n\n\n<p>Mein Ziel ist es, Ihnen zu helfen, Stressfrei zu kochen \u2013 egal, ob Sie etwas S\u00fc\u00dfes f\u00fcr Ihre Familie, G\u00e4ste oder nur f\u00fcr sich selbst zubereiten.<\/p>\n\n\n\n<p>Sie finden Rezepte, die:<\/p>\n\n\n\n<p>\u2728 Leicht zu befolgen<\/p>\n\n\n\n<p>\u2728 Preisg\u00fcnstig<\/p>\n\n\n\n<p>\u2728 Getestet und wirklich lecker<\/p>\n\n\n\n<p>Die meisten meiner Rezepte sind vom allt\u00e4glichen Leben inspiriert \u2013 schnelle Ideen, klassische Desserts und kreative Abwandlungen, die einfachen Zutaten einen erstaunlichen Geschmack verleihen.<\/p>\n\n\n\n<p>Wenn Sie Desserts, schnelle Rezepte und hausgemachtes Essen lieben, sind Sie hier genau richtig.<\/p>\n\n\n\n<p>\ud83d\udc49 Auf meinem YouTube-Kanal k\u00f6nnen Sie auch Schritt-f\u00fcr-Schritt-Videos ansehen, in denen ich genau zeige, wie jedes Rezept zubereitet wird.<\/p>\n<\/div><\/div>\n\n<\/div><\/div>\n\n\n<p class=\"has-text-align-center has-medium-font-size\"><br><br>\ud83d\udc49 <strong>\ud83d\udc49 Sehen Sie hier Schritt f\u00fcr Schritt, wie es hergestellt wird \ud83d\udc47<\/strong><\/p>\n\n\n\n<div class=\"wp-block-buttons is-content-justification-center is-layout-flex wp-container-core-buttons-is-layout-16018d1d wp-block-buttons-is-layout-flex\">\n<div class=\"wp-block-button has-custom-width wp-block-button__width-50 is-style-fill\"><a class=\"wp-block-button__link has-theme-palette-13-background-color has-background has-medium-font-size has-text-align-center has-custom-font-size wp-element-button\" href=\"https:\/\/www.youtube.com\/@immerappetitlich\" target=\"_blank\" rel=\"noopener\"><strong><strong><strong>Vollst\u00e4ndiges Video-Rezept auf YouTube ansehen \u25b6\ufe0f<\/strong><\/strong><\/strong><\/a><\/div>\n<\/div>","protected":false},"excerpt":{"rendered":"<p>Hi! I\u2019m Ivan \ud83d\udc4b I\u2019m passionate about simple, delicious homemade recipes that anyone can make at home. On this blog, I share easy desserts, quick recipes, and creative ideas that don\u2019t require complicated ingredients or professional skills. My goal is to help you enjoy cooking without stress \u2014 whether you\u2019re preparing something sweet for your&#8230;<\/p>","protected":false},"author":106294,"featured_media":342,"parent":0,"menu_order":0,"comment_status":"closed","ping_status":"closed","template":"","meta":{"_kadence_starter_templates_imported_post":true,"_kad_post_transparent":"","_kad_post_title":"","_kad_post_layout":"","_kad_post_sidebar_id":"","_kad_post_content_style":"","_kad_post_vertical_padding":"","_kad_post_feature":"","_kad_post_feature_position":"","_kad_post_header":false,"_kad_post_footer":false,"_kad_post_classname":"","footnotes":""},"class_list":["post-109","page","type-page","status-publish","has-post-thumbnail","hentry"],"_links":{"self":[{"href":"https:\/\/immerappetitlich.com\/de\/wp-json\/wp\/v2\/pages\/109","targetHints":{"allow":["GET"]}}],"collection":[{"href":"https:\/\/immerappetitlich.com\/de\/wp-json\/wp\/v2\/pages"}],"about":[{"href":"https:\/\/immerappetitlich.com\/de\/wp-json\/wp\/v2\/types\/page"}],"author":[{"embeddable":true,"href":"https:\/\/immerappetitlich.com\/de\/wp-json\/wp\/v2\/users\/106294"}],"replies":[{"embeddable":true,"href":"https:\/\/immerappetitlich.com\/de\/wp-json\/wp\/v2\/comments?post=109"}],"version-history":[{"count":7,"href":"https:\/\/immerappetitlich.com\/de\/wp-json\/wp\/v2\/pages\/109\/revisions"}],"predecessor-version":[{"id":355,"href":"https:\/\/immerappetitlich.com\/de\/wp-json\/wp\/v2\/pages\/109\/revisions\/355"}],"wp:featuredmedia":[{"embeddable":true,"href":"https:\/\/immerappetitlich.com\/de\/wp-json\/wp\/v2\/media\/342"}],"wp:attachment":[{"href":"https:\/\/immerappetitlich.com\/de\/wp-json\/wp\/v2\/media?parent=109"}],"curies":[{"name":"wp","href":"https:\/\/api.w.org\/{rel}","templated":true}]}}